{"id":18533,"date":"2023-12-05T11:14:36","date_gmt":"2023-12-05T11:14:36","guid":{"rendered":"https:\/\/pruebas.roiserver.com\/residential\/barcelona\/propiedades-en-baix-emporda\/"},"modified":"2023-12-05T11:22:54","modified_gmt":"2023-12-05T11:22:54","slug":"propiedades-en-baix-emporda","status":"publish","type":"page","link":"https:\/\/pruebas.roiserver.com\/en\/residential\/barcelona\/propiedades-en-baix-emporda\/","title":{"rendered":"Properties in Baix Empord\u00e0"},"content":{"rendered":"\t\t<div data-elementor-type=\"wp-page\" data-elementor-id=\"18533\" class=\"elementor elementor-18533 elementor-18528\" data-elementor-post-type=\"page\">\n\t\t\t\t\t\t<section class=\"elementor-section elementor-top-section elementor-element elementor-element-fe96adc elementor-section-stretched elementor-section-boxed elementor-section-height-default elementor-section-height-default\" data-id=\"fe96adc\" data-element_type=\"section\" data-settings=\"{&quot;stretch_section&quot;:&quot;section-stretched&quot;,&quot;background_background&quot;:&quot;classic&quot;}\">\n\t\t\t\t\t\t\t<div class=\"elementor-background-overlay\"><\/div>\n\t\t\t\t\t\t\t<div class=\"elementor-container elementor-column-gap-default\">\n\t\t\t\t\t<div class=\"elementor-column elementor-col-33 elementor-top-column elementor-element elementor-element-3465a15\" data-id=\"3465a15\" data-element_type=\"column\">\n\t\t\t<div class=\"elementor-widget-wrap\">\n\t\t\t\t\t\t\t<\/div>\n\t\t<\/div>\n\t\t\t\t<div class=\"elementor-column elementor-col-33 elementor-top-column elementor-element elementor-element-a0a7ccd\" data-id=\"a0a7ccd\" data-element_type=\"column\">\n\t\t\t<div class=\"elementor-widget-wrap elementor-element-populated\">\n\t\t\t\t\t\t<div class=\"elementor-element elementor-element-f5fe96c elementor-widget elementor-widget-heading\" data-id=\"f5fe96c\" data-element_type=\"widget\" data-widget_type=\"heading.default\">\n\t\t\t\t<div class=\"elementor-widget-container\">\n\t\t\t<h1 class=\"elementor-heading-title elementor-size-default\">Properties in Baix Empord\u00e0<\/h1>\t\t<\/div>\n\t\t\t\t<\/div>\n\t\t\t\t<div class=\"elementor-element elementor-element-878117a elementor-widget elementor-widget-heading\" data-id=\"878117a\" data-element_type=\"widget\" data-widget_type=\"heading.default\">\n\t\t\t\t<div class=\"elementor-widget-container\">\n\t\t\t<h2 class=\"elementor-heading-title elementor-size-default\">Exclusive new construction residential developments in Baix Empord\u00e0. Unique homes in the best locations.<\/h2>\t\t<\/div>\n\t\t\t\t<\/div>\n\t\t\t\t<div class=\"elementor-element elementor-element-1dda92d elementor-align-center elementor-widget elementor-widget-button\" data-id=\"1dda92d\" data-element_type=\"widget\" data-widget_type=\"button.default\">\n\t\t\t\t<div class=\"elementor-widget-container\">\n\t\t\t\t\t<div class=\"elementor-button-wrapper\">\n\t\t\t<a class=\"elementor-button elementor-button-link elementor-size-sm\" href=\"https:\/\/pruebas.roiserver.com\/contacto\/\">\n\t\t\t\t\t\t<span class=\"elementor-button-content-wrapper\">\n\t\t\t\t\t\t<span class=\"elementor-button-text\">Contact now!<\/span>\n\t\t<\/span>\n\t\t\t\t\t<\/a>\n\t\t<\/div>\n\t\t\t\t<\/div>\n\t\t\t\t<\/div>\n\t\t\t\t\t<\/div>\n\t\t<\/div>\n\t\t\t\t<div class=\"elementor-column elementor-col-33 elementor-top-column elementor-element elementor-element-5095c39\" data-id=\"5095c39\" data-element_type=\"column\">\n\t\t\t<div class=\"elementor-widget-wrap\">\n\t\t\t\t\t\t\t<\/div>\n\t\t<\/div>\n\t\t\t\t\t<\/div>\n\t\t<\/section>\n\t\t\t\t<section class=\"elementor-section elementor-top-section elementor-element elementor-element-488a388 elementor-section-full_width elementor-section-height-default elementor-section-height-default\" data-id=\"488a388\" data-element_type=\"section\">\n\t\t\t\t\t\t<div class=\"elementor-container elementor-column-gap-default\">\n\t\t\t\t\t<div class=\"elementor-column elementor-col-100 elementor-top-column elementor-element elementor-element-a4b5421\" data-id=\"a4b5421\" data-element_type=\"column\">\n\t\t\t<div class=\"elementor-widget-wrap elementor-element-populated\">\n\t\t\t\t\t\t<div class=\"elementor-element elementor-element-856548d elementor-widget elementor-widget-shortcode\" data-id=\"856548d\" data-element_type=\"widget\" data-widget_type=\"shortcode.default\">\n\t\t\t\t<div class=\"elementor-widget-container\">\n\t\t\t\t\t<div class=\"elementor-shortcode\">\n\t<!--div class=\"promocion-filtro\">\r\n\t<a href=\"\" class=\"active\">Todas<\/a>\r\n\t<a href=\"\">En venta<\/a>\r\n\t<a href=\"\">Vendidas<\/a>\r\n<\/div-->\r\n<div class=\"promocion-grid\">\r\n\t\t\t\t<div class=\"promocion-item\"><!-- url  -->\r\n\t\t\t\t<div class=\"promocion-image\">\r\n\r\n\t\t\t\t\t\r\n\r\n\t\t\t\t\t<div class=\"label\" style=\"background-color:#2d3339\">LAST PROPERTY<\/div>\r\n\r\n\t\t\t\t\t<img fetchpriority=\"high\" decoding=\"async\" width=\"768\" height=\"576\" src=\"https:\/\/pruebas.roiserver.com\/wp-content\/uploads\/2023\/12\/web-Vulpellac_exterior-2-768x576.webp\" class=\"attachment-medium size-medium wp-post-image\" alt=\"\" srcset=\"https:\/\/pruebas.roiserver.com\/wp-content\/uploads\/2023\/12\/web-Vulpellac_exterior-2-768x576.webp 768w, https:\/\/pruebas.roiserver.com\/wp-content\/uploads\/2023\/12\/web-Vulpellac_exterior-2-300x225.webp 300w, https:\/\/pruebas.roiserver.com\/wp-content\/uploads\/2023\/12\/web-Vulpellac_exterior-2-1024x768.webp 1024w, https:\/\/pruebas.roiserver.com\/wp-content\/uploads\/2023\/12\/web-Vulpellac_exterior-2-1536x1152.webp 1536w, https:\/\/pruebas.roiserver.com\/wp-content\/uploads\/2023\/12\/web-Vulpellac_exterior-2.webp 1920w\" sizes=\"(max-width: 768px) 100vw, 768px\" \/>\t\t\t\t<\/div>\r\n\t\t\t\t<div class=\"overlay1\">\r\n\t\t\t\t\t<h3 class=\"title\">Vulpellac<\/h3>\r\n\t\t\t\t<\/div>\r\n\t\t\t\t<a href=\"https:\/\/pruebas.roiserver.com\/en\/development\/vulpellac\/\" class=\"overlay\">\r\n\t\t\t\t\t<h3 class=\"title\">Vulpellac<\/h3>\r\n\t\t\t\t\t<span>\r\n\t\t\t\t\t\t<span class=\"promocion-btn\">See development <i class=\"fas fa-long-arrow-alt-right\"><\/i><\/span>\r\n\t\t\t\t\t<\/span>\r\n\t\t\t\t<\/a>\r\n\t\t\t<\/div>\r\n\t\t<\/div>\r\n<\/div>\n\t\t\t\t<\/div>\n\t\t\t\t<\/div>\n\t\t\t\t\t<\/div>\n\t\t<\/div>\n\t\t\t\t\t<\/div>\n\t\t<\/section>\n\t\t\t\t<\/div>\n\t\t","protected":false},"excerpt":{"rendered":"<p>Properties in Baix Empord\u00e0 Exclusive new construction residential developments in Baix Empord\u00e0. Unique homes in the best locations. Contact now!<\/p>\n","protected":false},"author":2,"featured_media":0,"parent":14329,"menu_order":0,"comment_status":"closed","ping_status":"closed","template":"","meta":{"footnotes":""},"yoast_head":"<!-- This site is optimized with the Yoast SEO plugin v22.2 - https:\/\/yoast.com\/wordpress\/plugins\/seo\/ -->\n<title>Properties in Baix Empord\u00e0 - Bonavistadev<\/title>\n<meta name=\"robots\" content=\"noindex, follow, max-snippet:-1, max-image-preview:large, max-video-preview:-1\" \/>\n<meta property=\"og:locale\" content=\"en_US\" \/>\n<meta property=\"og:type\" content=\"article\" \/>\n<meta property=\"og:title\" content=\"Properties in Baix Empord\u00e0 - Bonavistadev\" \/>\n<meta property=\"og:description\" content=\"Properties in Baix Empord\u00e0 Exclusive new construction residential developments in Baix Empord\u00e0. Unique homes in the best locations. Contact now!\" \/>\n<meta property=\"og:url\" content=\"https:\/\/pruebas.roiserver.com\/en\/residential\/barcelona\/propiedades-en-baix-emporda\/\" \/>\n<meta property=\"og:site_name\" content=\"Bonavistadev\" \/>\n<meta property=\"article:modified_time\" content=\"2023-12-05T11:22:54+00:00\" \/>\n<meta name=\"twitter:card\" content=\"summary_large_image\" \/>\n<meta name=\"twitter:label1\" content=\"Est. reading time\" \/>\n\t<meta name=\"twitter:data1\" content=\"1 minute\" \/>\n<script type=\"application\/ld+json\" class=\"yoast-schema-graph\">{\"@context\":\"https:\/\/schema.org\",\"@graph\":[{\"@type\":\"WebPage\",\"@id\":\"https:\/\/pruebas.roiserver.com\/en\/residential\/barcelona\/propiedades-en-baix-emporda\/\",\"url\":\"https:\/\/pruebas.roiserver.com\/en\/residential\/barcelona\/propiedades-en-baix-emporda\/\",\"name\":\"Properties in Baix Empord\u00e0 - Bonavistadev\",\"isPartOf\":{\"@id\":\"https:\/\/pruebas.roiserver.com\/en\/#website\"},\"datePublished\":\"2023-12-05T11:14:36+00:00\",\"dateModified\":\"2023-12-05T11:22:54+00:00\",\"breadcrumb\":{\"@id\":\"https:\/\/pruebas.roiserver.com\/en\/residential\/barcelona\/propiedades-en-baix-emporda\/#breadcrumb\"},\"inLanguage\":\"en-US\",\"potentialAction\":[{\"@type\":\"ReadAction\",\"target\":[\"https:\/\/pruebas.roiserver.com\/en\/residential\/barcelona\/propiedades-en-baix-emporda\/\"]}]},{\"@type\":\"BreadcrumbList\",\"@id\":\"https:\/\/pruebas.roiserver.com\/en\/residential\/barcelona\/propiedades-en-baix-emporda\/#breadcrumb\",\"itemListElement\":[{\"@type\":\"ListItem\",\"position\":1,\"name\":\"\",\"item\":\"https:\/\/pruebas.roiserver.com\/en\/\"},{\"@type\":\"ListItem\",\"position\":2,\"name\":\"Residential\",\"item\":\"https:\/\/pruebas.roiserver.com\/en\/residential\/\"},{\"@type\":\"ListItem\",\"position\":3,\"name\":\"Barcelona\",\"item\":\"https:\/\/pruebas.roiserver.com\/en\/propiedades\/barcelona\/\"},{\"@type\":\"ListItem\",\"position\":4,\"name\":\"Properties in Baix Empord\u00e0\"}]},{\"@type\":\"WebSite\",\"@id\":\"https:\/\/pruebas.roiserver.com\/en\/#website\",\"url\":\"https:\/\/pruebas.roiserver.com\/en\/\",\"name\":\"Bonavistadev\",\"description\":\"Promociones de lujo en Barcelona\",\"publisher\":{\"@id\":\"https:\/\/pruebas.roiserver.com\/en\/#organization\"},\"potentialAction\":[{\"@type\":\"SearchAction\",\"target\":{\"@type\":\"EntryPoint\",\"urlTemplate\":\"https:\/\/pruebas.roiserver.com\/en\/?s={search_term_string}\"},\"query-input\":\"required name=search_term_string\"}],\"inLanguage\":\"en-US\"},{\"@type\":\"Organization\",\"@id\":\"https:\/\/pruebas.roiserver.com\/en\/#organization\",\"name\":\"Bonavista Developments\",\"url\":\"https:\/\/pruebas.roiserver.com\/en\/\",\"logo\":{\"@type\":\"ImageObject\",\"inLanguage\":\"en-US\",\"@id\":\"https:\/\/pruebas.roiserver.com\/en\/#\/schema\/logo\/image\/\",\"url\":\"https:\/\/pruebas.roiserver.com\/wp-content\/uploads\/2020\/05\/bonavista_logo.png\",\"contentUrl\":\"https:\/\/pruebas.roiserver.com\/wp-content\/uploads\/2020\/05\/bonavista_logo.png\",\"width\":250,\"height\":110,\"caption\":\"Bonavista Developments\"},\"image\":{\"@id\":\"https:\/\/pruebas.roiserver.com\/en\/#\/schema\/logo\/image\/\"},\"sameAs\":[\"https:\/\/www.instagram.com\/bonavista_developments\/?hl=en\",\"https:\/\/www.linkedin.com\/company\/bonavista-developments\/\"]}]}<\/script>\n<!-- \/ Yoast SEO plugin. -->","yoast_head_json":{"title":"Properties in Baix Empord\u00e0 - Bonavistadev","robots":{"index":"noindex","follow":"follow","max-snippet":"max-snippet:-1","max-image-preview":"max-image-preview:large","max-video-preview":"max-video-preview:-1"},"og_locale":"en_US","og_type":"article","og_title":"Properties in Baix Empord\u00e0 - Bonavistadev","og_description":"Properties in Baix Empord\u00e0 Exclusive new construction residential developments in Baix Empord\u00e0. Unique homes in the best locations. Contact now!","og_url":"https:\/\/pruebas.roiserver.com\/en\/residential\/barcelona\/propiedades-en-baix-emporda\/","og_site_name":"Bonavistadev","article_modified_time":"2023-12-05T11:22:54+00:00","twitter_card":"summary_large_image","twitter_misc":{"Est. reading time":"1 minute"},"schema":{"@context":"https:\/\/schema.org","@graph":[{"@type":"WebPage","@id":"https:\/\/pruebas.roiserver.com\/en\/residential\/barcelona\/propiedades-en-baix-emporda\/","url":"https:\/\/pruebas.roiserver.com\/en\/residential\/barcelona\/propiedades-en-baix-emporda\/","name":"Properties in Baix Empord\u00e0 - Bonavistadev","isPartOf":{"@id":"https:\/\/pruebas.roiserver.com\/en\/#website"},"datePublished":"2023-12-05T11:14:36+00:00","dateModified":"2023-12-05T11:22:54+00:00","breadcrumb":{"@id":"https:\/\/pruebas.roiserver.com\/en\/residential\/barcelona\/propiedades-en-baix-emporda\/#breadcrumb"},"inLanguage":"en-US","potentialAction":[{"@type":"ReadAction","target":["https:\/\/pruebas.roiserver.com\/en\/residential\/barcelona\/propiedades-en-baix-emporda\/"]}]},{"@type":"BreadcrumbList","@id":"https:\/\/pruebas.roiserver.com\/en\/residential\/barcelona\/propiedades-en-baix-emporda\/#breadcrumb","itemListElement":[{"@type":"ListItem","position":1,"name":"","item":"https:\/\/pruebas.roiserver.com\/en\/"},{"@type":"ListItem","position":2,"name":"Residential","item":"https:\/\/pruebas.roiserver.com\/en\/residential\/"},{"@type":"ListItem","position":3,"name":"Barcelona","item":"https:\/\/pruebas.roiserver.com\/en\/propiedades\/barcelona\/"},{"@type":"ListItem","position":4,"name":"Properties in Baix Empord\u00e0"}]},{"@type":"WebSite","@id":"https:\/\/pruebas.roiserver.com\/en\/#website","url":"https:\/\/pruebas.roiserver.com\/en\/","name":"Bonavistadev","description":"Promociones de lujo en Barcelona","publisher":{"@id":"https:\/\/pruebas.roiserver.com\/en\/#organization"},"potentialAction":[{"@type":"SearchAction","target":{"@type":"EntryPoint","urlTemplate":"https:\/\/pruebas.roiserver.com\/en\/?s={search_term_string}"},"query-input":"required name=search_term_string"}],"inLanguage":"en-US"},{"@type":"Organization","@id":"https:\/\/pruebas.roiserver.com\/en\/#organization","name":"Bonavista Developments","url":"https:\/\/pruebas.roiserver.com\/en\/","logo":{"@type":"ImageObject","inLanguage":"en-US","@id":"https:\/\/pruebas.roiserver.com\/en\/#\/schema\/logo\/image\/","url":"https:\/\/pruebas.roiserver.com\/wp-content\/uploads\/2020\/05\/bonavista_logo.png","contentUrl":"https:\/\/pruebas.roiserver.com\/wp-content\/uploads\/2020\/05\/bonavista_logo.png","width":250,"height":110,"caption":"Bonavista Developments"},"image":{"@id":"https:\/\/pruebas.roiserver.com\/en\/#\/schema\/logo\/image\/"},"sameAs":["https:\/\/www.instagram.com\/bonavista_developments\/?hl=en","https:\/\/www.linkedin.com\/company\/bonavista-developments\/"]}]}},"_links":{"self":[{"href":"https:\/\/pruebas.roiserver.com\/en\/wp-json\/wp\/v2\/pages\/18533"}],"collection":[{"href":"https:\/\/pruebas.roiserver.com\/en\/wp-json\/wp\/v2\/pages"}],"about":[{"href":"https:\/\/pruebas.roiserver.com\/en\/wp-json\/wp\/v2\/types\/page"}],"author":[{"embeddable":true,"href":"https:\/\/pruebas.roiserver.com\/en\/wp-json\/wp\/v2\/users\/2"}],"replies":[{"embeddable":true,"href":"https:\/\/pruebas.roiserver.com\/en\/wp-json\/wp\/v2\/comments?post=18533"}],"version-history":[{"count":0,"href":"https:\/\/pruebas.roiserver.com\/en\/wp-json\/wp\/v2\/pages\/18533\/revisions"}],"up":[{"embeddable":true,"href":"https:\/\/pruebas.roiserver.com\/en\/wp-json\/wp\/v2\/pages\/14329"}],"wp:attachment":[{"href":"https:\/\/pruebas.roiserver.com\/en\/wp-json\/wp\/v2\/media?parent=18533"}],"curies":[{"name":"wp","href":"https:\/\/api.w.org\/{rel}","templated":true}]}}